{"id":73,"date":"2021-12-22T10:10:54","date_gmt":"2021-12-22T10:10:54","guid":{"rendered":"https:\/\/leberliebe.ch\/?page_id=73"},"modified":"2022-08-31T09:53:11","modified_gmt":"2022-08-31T09:53:11","slug":"die-leber-ich-und-der-kater","status":"publish","type":"page","link":"https:\/\/leberliebe.ch\/?page_id=73","title":{"rendered":"Die Leber, ich und der Kater"},"content":{"rendered":"\n<h2>Prolog<\/h2>\n\n\n\n<p><\/p>\n\n\n\n<p><em>Ich mag diesen Kater nicht. Vor circa zwei Jahren ist er mir zugelaufen und seit dem hat er sich einfach eingenistet. Der Kater hat keine Empathie und weiss auch nicht wirklich, wo seine Grenzen sind. Umso \u00e4lter ich werde, umso unertr\u00e4glicher wird er. Ich beschreibe hier nicht mein Haustier, denn so ein richtiger Kater w\u00fcrde wenigsten liebevoll schnurren, wenn ich nach Hause komme oder mich mit Kuscheleinheiten verw\u00f6hnen. Nein, ich beschreibe hier jenen Kater, der auf mich wartet, wenn ich ein Glas zu viel getrunken habe. Anstatt zu schnurren wird gebrummt &#8211; dies \u00fcbernimmt dann mein Kopf. Er ist zudem einer der gr\u00f6ssten Feinde meiner Leber. Sie sind wie Katz und Hund.<\/em><br><br><em>Das Ganze ist ein richtiges Albtraumszenario f\u00fcr eine Geniesserin wie mich. So liebe ich es doch, ein Gl\u00e4schen Wein zu einem guten Essen zu mir zu nehmen oder einen Gin Tonic zu bestellen, wenn wir uns mal wieder ins Nachtleben st\u00fcrzen. Mit Anfang zwanzig war dies auch noch kein Problem. Aber mit meinen 25 Jahren ist es tats\u00e4chlich zu einem geworden. Innerhalb von vier Jahren hat er einfach begonnen, mich zu attackieren, sobald es nicht nur bei einem Gl\u00e4schen bleibt.<\/em><\/p>\n\n\n\n<p><em>K\u00f6nnte ihn bitte jemand bei sich aufnehmen? Ich will ihn nicht mehr und meine Leber erst recht nicht.&nbsp;<\/em><\/p>\n\n\n\n<div class=\"wp-block-image\"><figure class=\"aligncenter size-full\"><img decoding=\"async\" loading=\"lazy\" width=\"3000\" height=\"1836\" src=\"https:\/\/leberliebe.ch\/wp-content\/uploads\/2021\/12\/Kater-1.png\" alt=\"\" class=\"wp-image-214\" srcset=\"https:\/\/leberliebe.ch\/wp-content\/uploads\/2021\/12\/Kater-1.png 3000w, https:\/\/leberliebe.ch\/wp-content\/uploads\/2021\/12\/Kater-1-300x184.png 300w, https:\/\/leberliebe.ch\/wp-content\/uploads\/2021\/12\/Kater-1-1024x627.png 1024w, https:\/\/leberliebe.ch\/wp-content\/uploads\/2021\/12\/Kater-1-768x470.png 768w, https:\/\/leberliebe.ch\/wp-content\/uploads\/2021\/12\/Kater-1-1536x940.png 1536w, https:\/\/leberliebe.ch\/wp-content\/uploads\/2021\/12\/Kater-1-2048x1253.png 2048w\" sizes=\"(max-width: 3000px) 100vw, 3000px\" \/><\/figure><\/div>\n\n\n\n<p><br><\/p>\n\n\n\n<h2><strong>Die Leber und ich gegen den Kater<\/strong><br><\/h2>\n\n\n\n<p><\/p>\n\n\n\n<p>Ich w\u00fcrde meinen Alkoholkonsum als gehaltvoll beschreiben &#8211; ausser in der Weihnachtszeit. Gl\u00fchwein da, Ap\u00e9ro dort und im Zweiwochentakt ein Weihnachtsessen, das Gl\u00fchwein und Ap\u00e9ro nochmals kombiniert. Der Genusswahn scheint in dieser Zeit seinen H\u00f6hepunkt zu erreichen &#8211; zum Leidwesen meines K\u00f6rpers. Neben meiner Leber fanden auch meine Haut, der Magen und mein allgemeiner Energiehaushalt das Spektakel nicht mehr witzig. Was mich zudem sehr nachdenklich stimmte, waren die Erlebnisse, welche ich bei meinem Nebenjob im Detailhandel beobachtete. So erschreckte es mich, wie hoch der allt\u00e4gliche Alkoholkonsum von einigen Kundinnen und Kunden ist. F\u00fcr mich ist der Alkohol ein Gesellschaftshappening. Es w\u00fcrde mir nie in den Sinn kommen, nach dem Feierabend ein Dosenbier f\u00fcr mich alleine zu \u00f6ffnen. Ich w\u00e4re erstens auf dem Kriegsfuss mit der Leber und dem Magen und w\u00fcrde mir ernsthaft sorgen, um die Konsequenzen des regelm\u00e4ssigen Alkoholkonsums machen. Aber f\u00fcr viele scheint das zum Daily Life dazu zu geh\u00f6ren. Diese Ereignisse haben mich dazu motiviert, einen Beitrag zum Thema &#8222;bewusster Alkoholkonsum&#8220; zu verfassen.<\/p>\n\n\n\n<div class=\"wp-block-image\"><figure class=\"aligncenter size-full\"><img decoding=\"async\" loading=\"lazy\" width=\"3000\" height=\"1654\" src=\"https:\/\/leberliebe.ch\/wp-content\/uploads\/2021\/12\/GegenAlk.png\" alt=\"\" class=\"wp-image-215\" srcset=\"https:\/\/leberliebe.ch\/wp-content\/uploads\/2021\/12\/GegenAlk.png 3000w, https:\/\/leberliebe.ch\/wp-content\/uploads\/2021\/12\/GegenAlk-300x165.png 300w, https:\/\/leberliebe.ch\/wp-content\/uploads\/2021\/12\/GegenAlk-1024x565.png 1024w, https:\/\/leberliebe.ch\/wp-content\/uploads\/2021\/12\/GegenAlk-768x423.png 768w, https:\/\/leberliebe.ch\/wp-content\/uploads\/2021\/12\/GegenAlk-1536x847.png 1536w, https:\/\/leberliebe.ch\/wp-content\/uploads\/2021\/12\/GegenAlk-2048x1129.png 2048w\" sizes=\"(max-width: 3000px) 100vw, 3000px\" \/><\/figure><\/div>\n\n\n\n<p><\/p>\n\n\n\n<p><br><\/p>\n\n\n\n<h2><strong>Wem die Leber eigentlich geh\u00f6rt<\/strong><br><br><\/h2>\n\n\n\n<p>Mein Name ist Michelle und ich studiere Multimedia Production an der Fachhochschule Graub\u00fcnden in Z\u00fcrich. Ich mag guten Wein, den B\u00fccherladen in meinem Heimatst\u00e4dtchen, Ikea Pflanzen und mein altes Damenvelo. Nebenbei mache ich viel Sport und engagiere mich in der Politik. <\/p>\n\n\n\n<p>Ich wollte meine liebe zum Schrieben sowie die Leidenschaft f\u00fcr grafische Darstellungen vereinen und auf diese Seite packen. Es war mir zudem wichtig, einen Beitrag zu erschaffen, welcher wichtige Informationen beinhaltet und einen zum Denken anregen soll. So habe ich mich f\u00fcr das Thema Alkohol und Abstinenz entschieden. Diese Arbeit entstand im Modul &#8222;konvergent Produzieren&#8220;. <\/p>\n\n\n\n<figure class=\"wp-block-image alignfull size-full\"><img decoding=\"async\" loading=\"lazy\" width=\"2501\" height=\"1137\" src=\"https:\/\/leberliebe.ch\/wp-content\/uploads\/2021\/12\/Startsetie-4.png\" alt=\"\" class=\"wp-image-239\" srcset=\"https:\/\/leberliebe.ch\/wp-content\/uploads\/2021\/12\/Startsetie-4.png 2501w, https:\/\/leberliebe.ch\/wp-content\/uploads\/2021\/12\/Startsetie-4-300x136.png 300w, https:\/\/leberliebe.ch\/wp-content\/uploads\/2021\/12\/Startsetie-4-1024x466.png 1024w, https:\/\/leberliebe.ch\/wp-content\/uploads\/2021\/12\/Startsetie-4-768x349.png 768w, https:\/\/leberliebe.ch\/wp-content\/uploads\/2021\/12\/Startsetie-4-1536x698.png 1536w, https:\/\/leberliebe.ch\/wp-content\/uploads\/2021\/12\/Startsetie-4-2048x931.png 2048w\" sizes=\"(max-width: 2501px) 100vw, 2501px\" \/><\/figure>\n","protected":false},"excerpt":{"rendered":"<p>Prolog Ich mag diesen Kater nicht. Vor circa zwei Jahren ist er mir zugelaufen und seit dem hat er sich einfach eingenistet. Der Kater hat keine Empathie und weiss auch nicht wirklich, wo seine Grenzen sind. Umso \u00e4lter ich werde, umso unertr\u00e4glicher wird er. Ich beschreibe hier nicht mein Haustier, denn so ein richtiger Kater [&hellip;]<\/p>\n","protected":false},"author":1,"featured_media":0,"parent":0,"menu_order":3,"comment_status":"closed","ping_status":"closed","template":"","meta":[],"_links":{"self":[{"href":"https:\/\/leberliebe.ch\/index.php?rest_route=\/wp\/v2\/pages\/73"}],"collection":[{"href":"https:\/\/leberliebe.ch\/index.php?rest_route=\/wp\/v2\/pages"}],"about":[{"href":"https:\/\/leberliebe.ch\/index.php?rest_route=\/wp\/v2\/types\/page"}],"author":[{"embeddable":true,"href":"https:\/\/leberliebe.ch\/index.php?rest_route=\/wp\/v2\/users\/1"}],"replies":[{"embeddable":true,"href":"https:\/\/leberliebe.ch\/index.php?rest_route=%2Fwp%2Fv2%2Fcomments&post=73"}],"version-history":[{"count":16,"href":"https:\/\/leberliebe.ch\/index.php?rest_route=\/wp\/v2\/pages\/73\/revisions"}],"predecessor-version":[{"id":362,"href":"https:\/\/leberliebe.ch\/index.php?rest_route=\/wp\/v2\/pages\/73\/revisions\/362"}],"wp:attachment":[{"href":"https:\/\/leberliebe.ch\/index.php?rest_route=%2Fwp%2Fv2%2Fmedia&parent=73"}],"curies":[{"name":"wp","href":"https:\/\/api.w.org\/{rel}","templated":true}]}}